{"id":61,"date":"2020-10-16T14:47:55","date_gmt":"2020-10-16T12:47:55","guid":{"rendered":"http:\/\/archives.kitview.com\/Archives\/?page_id=61"},"modified":"2020-11-04T10:34:57","modified_gmt":"2020-11-04T09:34:57","slug":"fonctionnalites-novae-kitview-com","status":"publish","type":"page","link":"https:\/\/archives.kitview.com\/Archives\/index.php\/fonctionnalites-novae-kitview-com\/","title":{"rendered":"Fonctionnalit\u00e9s novae-kitview-com"},"content":{"rendered":"<p>[et_pb_section fb_built=\u00a0\u00bb1&Prime; fullwidth=\u00a0\u00bbon\u00a0\u00bb _builder_version=\u00a0\u00bb4.6.6&Prime; _module_preset=\u00a0\u00bbdefault\u00a0\u00bb][et_pb_fullwidth_header title=\u00a0\u00bbLes fonctionnalit\u00e9s Du Logiciel Kitview\u00a0\u00bb subhead=\u00a0\u00bbD\u00e9couvrez l&rsquo;outil\u00a0\u00bb text_orientation=\u00a0\u00bbcenter\u00a0\u00bb header_scroll_down=\u00a0\u00bbon\u00a0\u00bb scroll_down_icon=\u00a0\u00bb%%1%%\u00a0\u00bb _builder_version=\u00a0\u00bb4.6.6&Prime; _module_preset=\u00a0\u00bbdefault\u00a0\u00bb title_font=\u00a0\u00bbNunito|700|||||||\u00a0\u00bb title_text_align=\u00a0\u00bbcenter\u00a0\u00bb title_font_size=\u00a0\u00bb70px\u00a0\u00bb title_line_height=\u00a0\u00bb1.2em\u00a0\u00bb subhead_font=\u00a0\u00bbNunito||||||||\u00a0\u00bb subhead_text_align=\u00a0\u00bbcenter\u00a0\u00bb subhead_font_size=\u00a0\u00bb26px\u00a0\u00bb subhead_line_height=\u00a0\u00bb2.5em\u00a0\u00bb background_color=\u00a0\u00bb#115368&Prime; custom_button_one=\u00a0\u00bbon\u00a0\u00bb button_one_text_size=\u00a0\u00bb14px\u00a0\u00bb button_one_border_radius=\u00a0\u00bb37px\u00a0\u00bb button_one_font=\u00a0\u00bbMontserrat||||||||\u00a0\u00bb button_one_custom_margin=\u00a0\u00bb10%||||false|false\u00a0\u00bb button_one_custom_padding=\u00a0\u00bb1%|3%|1%|3%|true|true\u00a0\u00bb custom_padding=\u00a0\u00bb||77px|||\u00a0\u00bb][\/et_pb_fullwidth_header][\/et_pb_section][et_pb_section fb_built=\u00a0\u00bb1&Prime; _builder_version=\u00a0\u00bb4.6.6&Prime; _module_preset=\u00a0\u00bbdefault\u00a0\u00bb background_color=\u00a0\u00bb#115368&Prime;][\/et_pb_section][et_pb_section fb_built=\u00a0\u00bb1&Prime; _builder_version=\u00a0\u00bb4.6.6&Prime; _module_preset=\u00a0\u00bbdefault\u00a0\u00bb][et_pb_row _builder_version=\u00a0\u00bb4.6.6&Prime; _module_preset=\u00a0\u00bbdefault\u00a0\u00bb][et_pb_column type=\u00a0\u00bb4_4&Prime; _builder_version=\u00a0\u00bb4.6.6&Prime; _module_preset=\u00a0\u00bbdefault\u00a0\u00bb][et_pb_image src=\u00a0\u00bbhttp:\/\/archives.kitview.com\/Archives\/wp-content\/uploads\/2020\/10\/Fonctionnalites_image01.png\u00a0\u00bb title_text=\u00a0\u00bbFonctionnalites_image01&Prime; _builder_version=\u00a0\u00bb4.6.6&Prime; _module_preset=\u00a0\u00bbdefault\u00a0\u00bb custom_margin=\u00a0\u00bb-279px|||||\u00a0\u00bb][\/et_pb_image][\/et_pb_column][\/et_pb_row][\/et_pb_section][et_pb_section fb_built=\u00a0\u00bb1&Prime; _builder_version=\u00a0\u00bb4.6.6&Prime; _module_preset=\u00a0\u00bbdefault\u00a0\u00bb custom_padding=\u00a0\u00bb0px|||||\u00a0\u00bb][et_pb_row _builder_version=\u00a0\u00bb4.6.6&Prime; _module_preset=\u00a0\u00bbdefault\u00a0\u00bb][et_pb_column type=\u00a0\u00bb4_4&Prime; _builder_version=\u00a0\u00bb4.6.6&Prime; _module_preset=\u00a0\u00bbdefault\u00a0\u00bb][et_pb_text _builder_version=\u00a0\u00bb4.6.6&Prime; _module_preset=\u00a0\u00bbdefault\u00a0\u00bb header_font=\u00a0\u00bbNunito|800|||||||\u00a0\u00bb header_text_align=\u00a0\u00bbcenter\u00a0\u00bb header_text_color=\u00a0\u00bb#5CC3EC\u00a0\u00bb header_font_size=\u00a0\u00bb48px\u00a0\u00bb]<\/p>\n<h1>Gestion automatique des photos<\/h1>\n<h3 style=\"text-align: center;\"><em>\u00ab Ne perdez plus de temps \u00e0 g\u00e9rer manuellement vos photos \u00bb<\/em><\/h3>\n<p>&nbsp;<\/p>\n<p>Kitview vous permet de prendre des photos avec un ou plusieurs appareils photo, smartphones ou tablettes, pour les renvoyer de mani\u00e8re instantan\u00e9e en plein \u00e9cran sur votre ordinateur, elles seront automatiquement rattach\u00e9es au patient courant.<\/p>\n<p>Les photos peuvent \u00eatre prises \u00e0 la vol\u00e9e au cas par cas ou en suivant des sc\u00e9narios que nous aurons personnalis\u00e9s avec vous.<\/p>\n<p>&nbsp;<\/p>\n<p>[\/et_pb_text][\/et_pb_column][\/et_pb_row][\/et_pb_section][et_pb_section fb_built=\u00a0\u00bb1&Prime; _builder_version=\u00a0\u00bb4.6.6&Prime; _module_preset=\u00a0\u00bbdefault\u00a0\u00bb background_color=\u00a0\u00bb#093648&Prime;][et_pb_row column_structure=\u00a0\u00bb3_5,2_5&Prime; _builder_version=\u00a0\u00bb4.6.6&Prime; _module_preset=\u00a0\u00bbdefault\u00a0\u00bb width=\u00a0\u00bb100%\u00a0\u00bb max_width=\u00a0\u00bb1480px\u00a0\u00bb][et_pb_column type=\u00a0\u00bb3_5&Prime; _builder_version=\u00a0\u00bb4.6.6&Prime; _module_preset=\u00a0\u00bbdefault\u00a0\u00bb][et_pb_text ul_type=\u00a0\u00bbsquare\u00a0\u00bb ul_item_indent=\u00a0\u00bb27px\u00a0\u00bb _builder_version=\u00a0\u00bb4.6.6&Prime; _module_preset=\u00a0\u00bbdefault\u00a0\u00bb text_text_color=\u00a0\u00bb#ffffff\u00a0\u00bb ul_font=\u00a0\u00bbMuli||||||||\u00a0\u00bb ul_text_color=\u00a0\u00bb#000000&Prime; ul_font_size=\u00a0\u00bb16px\u00a0\u00bb ul_line_height=\u00a0\u00bb2.5em\u00a0\u00bb header_font=\u00a0\u00bbNunito|800|||||||\u00a0\u00bb header_text_align=\u00a0\u00bbleft\u00a0\u00bb header_text_color=\u00a0\u00bb#5CC3EC\u00a0\u00bb header_font_size=\u00a0\u00bb48px\u00a0\u00bb header_3_font=\u00a0\u00bbNunito||||||||\u00a0\u00bb header_3_text_color=\u00a0\u00bb#ffffff\u00a0\u00bb header_3_font_size=\u00a0\u00bb25px\u00a0\u00bb]<\/p>\n<h1>Centralisation des documents<\/h1>\n<h3>\u00ab Tout au m\u00eame endroit \u00bb<\/h3>\n<p>&nbsp;<\/p>\n<p>En plus des photos, Kitview supporte tous les types de fichiers tel que les radios (num\u00e9ris\u00e9es), vid\u00e9os, PDF, scanner 3D documents de la suite office, etc.<\/p>\n<p>Gr\u00e2ce \u00e0 la passerelle et \u00e0 de simples glisser-d\u00e9poser, vos fichiers peuvent \u00eatre import\u00e9s ou export\u00e9s du logiciel vers votre boite mail.<\/p>\n<p>&nbsp;<\/p>\n<p>[\/et_pb_text][\/et_pb_column][et_pb_column type=\u00a0\u00bb2_5&Prime; _builder_version=\u00a0\u00bb4.6.6&Prime; _module_preset=\u00a0\u00bbdefault\u00a0\u00bb][et_pb_image src=\u00a0\u00bbhttp:\/\/archives.kitview.com\/Archives\/wp-content\/uploads\/2020\/10\/Fonctionnalites_image02.png\u00a0\u00bb title_text=\u00a0\u00bbFonctionnalites_image02&Prime; _builder_version=\u00a0\u00bb4.6.6&Prime; _module_preset=\u00a0\u00bbdefault\u00a0\u00bb width=\u00a0\u00bb75%\u00a0\u00bb][\/et_pb_image][\/et_pb_column][\/et_pb_row][\/et_pb_section][et_pb_section fb_built=\u00a0\u00bb1&Prime; _builder_version=\u00a0\u00bb4.6.6&Prime; _module_preset=\u00a0\u00bbdefault\u00a0\u00bb][et_pb_row column_structure=\u00a0\u00bb2_5,3_5&Prime; _builder_version=\u00a0\u00bb4.6.6&Prime; _module_preset=\u00a0\u00bbdefault\u00a0\u00bb width=\u00a0\u00bb100%\u00a0\u00bb max_width=\u00a0\u00bb1480px\u00a0\u00bb custom_padding=\u00a0\u00bb||0px|||\u00a0\u00bb][et_pb_column type=\u00a0\u00bb2_5&Prime; _builder_version=\u00a0\u00bb4.6.6&Prime; _module_preset=\u00a0\u00bbdefault\u00a0\u00bb][et_pb_image src=\u00a0\u00bbhttp:\/\/archives.kitview.com\/Archives\/wp-content\/uploads\/2020\/10\/Fonctionnalites_image03.png\u00a0\u00bb title_text=\u00a0\u00bbFonctionnalites_image03&Prime; _builder_version=\u00a0\u00bb4.6.6&Prime; _module_preset=\u00a0\u00bbdefault\u00a0\u00bb][\/et_pb_image][\/et_pb_column][et_pb_column type=\u00a0\u00bb3_5&Prime; _builder_version=\u00a0\u00bb4.6.6&Prime; _module_preset=\u00a0\u00bbdefault\u00a0\u00bb][et_pb_text ul_type=\u00a0\u00bbsquare\u00a0\u00bb ul_item_indent=\u00a0\u00bb27px\u00a0\u00bb _builder_version=\u00a0\u00bb4.6.6&Prime; _module_preset=\u00a0\u00bbdefault\u00a0\u00bb text_text_color=\u00a0\u00bb#000000&Prime; ul_font=\u00a0\u00bbMuli||||||||\u00a0\u00bb ul_text_color=\u00a0\u00bb#000000&Prime; ul_font_size=\u00a0\u00bb16px\u00a0\u00bb ul_line_height=\u00a0\u00bb2.5em\u00a0\u00bb header_font=\u00a0\u00bbNunito|800|||||||\u00a0\u00bb header_text_align=\u00a0\u00bbleft\u00a0\u00bb header_text_color=\u00a0\u00bb#5CC3EC\u00a0\u00bb header_font_size=\u00a0\u00bb48px\u00a0\u00bb header_3_font=\u00a0\u00bbNunito||||||||\u00a0\u00bb header_3_text_color=\u00a0\u00bb#000000&Prime; header_3_font_size=\u00a0\u00bb25px\u00a0\u00bb hover_enabled=\u00a0\u00bb0&Prime; locked=\u00a0\u00bboff\u00a0\u00bb sticky_enabled=\u00a0\u00bb0&Prime;]<\/p>\n<h1>Rangement<\/h1>\n<h3>\u00ab Retrouvez tout en un clic \u00bb<\/h3>\n<p>&nbsp;<\/p>\n<p>Gr\u00e2ce \u00e0 des mots-cl\u00e9s personnalis\u00e9s, tous vos fichiers peuvent \u00eatre tagu\u00e9s (\u00e9tiquet\u00e9s) afin d\u2019\u00eatre retrouv\u00e9s plus facilement et rang\u00e9s par cat\u00e9gories (types de photos, types de documents, etc.).<\/p>\n<p>[\/et_pb_text][\/et_pb_column][\/et_pb_row][\/et_pb_section][et_pb_section fb_built=\u00a0\u00bb1&Prime; _builder_version=\u00a0\u00bb4.6.6&Prime; _module_preset=\u00a0\u00bbdefault\u00a0\u00bb background_color=\u00a0\u00bb#093648&Prime; locked=\u00a0\u00bboff\u00a0\u00bb][et_pb_row column_structure=\u00a0\u00bb3_5,2_5&Prime; _builder_version=\u00a0\u00bb4.6.6&Prime; _module_preset=\u00a0\u00bbdefault\u00a0\u00bb width=\u00a0\u00bb100%\u00a0\u00bb max_width=\u00a0\u00bb1480px\u00a0\u00bb][et_pb_column type=\u00a0\u00bb3_5&Prime; _builder_version=\u00a0\u00bb4.6.6&Prime; _module_preset=\u00a0\u00bbdefault\u00a0\u00bb][et_pb_text ul_type=\u00a0\u00bbsquare\u00a0\u00bb ul_item_indent=\u00a0\u00bb27px\u00a0\u00bb _builder_version=\u00a0\u00bb4.6.6&Prime; _module_preset=\u00a0\u00bbdefault\u00a0\u00bb text_text_color=\u00a0\u00bb#ffffff\u00a0\u00bb ul_font=\u00a0\u00bbMuli||||||||\u00a0\u00bb ul_text_color=\u00a0\u00bb#000000&Prime; ul_font_size=\u00a0\u00bb16px\u00a0\u00bb ul_line_height=\u00a0\u00bb2.5em\u00a0\u00bb header_font=\u00a0\u00bbNunito|800|||||||\u00a0\u00bb header_text_align=\u00a0\u00bbleft\u00a0\u00bb header_text_color=\u00a0\u00bb#5CC3EC\u00a0\u00bb header_font_size=\u00a0\u00bb48px\u00a0\u00bb header_3_font=\u00a0\u00bbNunito||||||||\u00a0\u00bb header_3_text_color=\u00a0\u00bb#ffffff\u00a0\u00bb header_3_font_size=\u00a0\u00bb25px\u00a0\u00bb]<\/p>\n<h1>Classification<\/h1>\n<div class=\"wpb_text_column wpb_content_element  vc_custom_1541415857283\">\n<div class=\"wpb_wrapper\">\n<h3>\u00ab\u00a0Rangez une fois, utilisez \u00e0 vie\u00a0\u00bb<\/h3>\n<p>&nbsp;<\/p>\n<\/div>\n<\/div>\n<p>Tous vos formulaires peuvent \u00eatre informatis\u00e9s et int\u00e9gr\u00e9s dans Kitview sous forme de mod\u00e8les, ils sont ensuite g\u00e9n\u00e9r\u00e9s, saisis et rattach\u00e9s au patient.<\/p>\n<p>Ainsi les questionnaires m\u00e9dicaux et consentements \u00e9clair\u00e9s sont remplis directement sur tablette par le patient puis import\u00e9s au format PDF dans son dossier.<\/p>\n<p>L\u2019objectif ? Supprimer le papier inutile et vous cr\u00e9er une base de donn\u00e9es exploitable pour des recherches pr\u00e9cises et multicrit\u00e8res.<\/p>\n<p>&nbsp;<\/p>\n<p>&nbsp;<\/p>\n<p>[\/et_pb_text][\/et_pb_column][et_pb_column type=\u00a0\u00bb2_5&Prime; _builder_version=\u00a0\u00bb4.6.6&Prime; _module_preset=\u00a0\u00bbdefault\u00a0\u00bb][et_pb_image src=\u00a0\u00bbhttp:\/\/archives.kitview.com\/Archives\/wp-content\/uploads\/2020\/10\/Fonctionnalites_image04.png\u00a0\u00bb title_text=\u00a0\u00bbFonctionnalites_image04&Prime; _builder_version=\u00a0\u00bb4.6.6&Prime; _module_preset=\u00a0\u00bbdefault\u00a0\u00bb width=\u00a0\u00bb75%\u00a0\u00bb][\/et_pb_image][\/et_pb_column][\/et_pb_row][et_pb_row _builder_version=\u00a0\u00bb4.6.6&Prime; _module_preset=\u00a0\u00bbdefault\u00a0\u00bb width=\u00a0\u00bb100%\u00a0\u00bb max_width=\u00a0\u00bb1480px\u00a0\u00bb][et_pb_column type=\u00a0\u00bb4_4&Prime; _builder_version=\u00a0\u00bb4.6.6&Prime; _module_preset=\u00a0\u00bbdefault\u00a0\u00bb][et_pb_text ul_type=\u00a0\u00bbsquare\u00a0\u00bb ul_item_indent=\u00a0\u00bb27px\u00a0\u00bb _builder_version=\u00a0\u00bb4.6.6&Prime; _module_preset=\u00a0\u00bbdefault\u00a0\u00bb text_text_color=\u00a0\u00bb#ffffff\u00a0\u00bb ul_font=\u00a0\u00bbMuli||||||||\u00a0\u00bb ul_text_color=\u00a0\u00bb#000000&Prime; ul_font_size=\u00a0\u00bb16px\u00a0\u00bb ul_line_height=\u00a0\u00bb2.5em\u00a0\u00bb header_font=\u00a0\u00bbNunito|800|||||||\u00a0\u00bb header_text_align=\u00a0\u00bbleft\u00a0\u00bb header_text_color=\u00a0\u00bb#5CC3EC\u00a0\u00bb header_font_size=\u00a0\u00bb48px\u00a0\u00bb header_3_font=\u00a0\u00bbNunito||||||||\u00a0\u00bb header_3_text_color=\u00a0\u00bb#ffffff\u00a0\u00bb header_3_font_size=\u00a0\u00bb25px\u00a0\u00bb]<\/p>\n<h1 style=\"text-align: center;\">Pr\u00e9sentation<\/h1>\n<p style=\"text-align: center;\">\n<div class=\"wpb_text_column wpb_content_element  vc_custom_1541415857283\" style=\"text-align: center;\">\n<div class=\"wpb_wrapper\">\n<div class=\"wpb_text_column wpb_content_element  vc_custom_1538746746551\">\n<div class=\"wpb_wrapper\">\n<h3>\u00ab\u00a0Mieux communiquer avec vos patients\u00a0\u00bb<\/h3>\n<\/div>\n<\/div>\n<div class=\"wpb_text_column wpb_content_element  vc_custom_1538747007866\">\n<div class=\"wpb_wrapper\"><\/div>\n<\/div>\n<h3><span style=\"font-size: 14px; font-family: 'Open Sans', Arial, sans-serif;\"><\/span><\/h3>\n<\/div>\n<\/div>\n<p style=\"text-align: center;\">\n<p style=\"text-align: left;\">Avec une base de donn\u00e9es organis\u00e9e, retrouvez tr\u00e8s facilement vos cas, afin de les pr\u00e9senter sur un ou plusieurs \u00e9crans.<\/p>\n<p style=\"text-align: left;\">Vous pourrez \u00e9videmment les envoyer par mail ou m\u00eame g\u00e9n\u00e9rer des courriers photos en un clic pour \u00eatre remis aux patients, en fin de traitement par exemple.<\/p>\n<p style=\"text-align: center;\">[\/et_pb_text][\/et_pb_column][\/et_pb_row][\/et_pb_section][et_pb_section fb_built=\u00a0\u00bb1&Prime; _builder_version=\u00a0\u00bb4.6.6&Prime; _module_preset=\u00a0\u00bbdefault\u00a0\u00bb locked=\u00a0\u00bboff\u00a0\u00bb][et_pb_row column_structure=\u00a0\u00bb2_5,3_5&Prime; _builder_version=\u00a0\u00bb4.6.6&Prime; _module_preset=\u00a0\u00bbdefault\u00a0\u00bb width=\u00a0\u00bb100%\u00a0\u00bb max_width=\u00a0\u00bb1480px\u00a0\u00bb custom_padding=\u00a0\u00bb||0px|||\u00a0\u00bb][et_pb_column type=\u00a0\u00bb2_5&Prime; _builder_version=\u00a0\u00bb4.6.6&Prime; _module_preset=\u00a0\u00bbdefault\u00a0\u00bb][et_pb_image src=\u00a0\u00bbhttp:\/\/archives.kitview.com\/Archives\/wp-content\/uploads\/2020\/10\/Fonctionnalites_image05.png\u00a0\u00bb title_text=\u00a0\u00bbFonctionnalites_image05&Prime; _builder_version=\u00a0\u00bb4.6.6&Prime; _module_preset=\u00a0\u00bbdefault\u00a0\u00bb][\/et_pb_image][\/et_pb_column][et_pb_column type=\u00a0\u00bb3_5&Prime; _builder_version=\u00a0\u00bb4.6.6&Prime; _module_preset=\u00a0\u00bbdefault\u00a0\u00bb][et_pb_text ul_type=\u00a0\u00bbsquare\u00a0\u00bb ul_item_indent=\u00a0\u00bb27px\u00a0\u00bb _builder_version=\u00a0\u00bb4.6.6&Prime; _module_preset=\u00a0\u00bbdefault\u00a0\u00bb text_text_color=\u00a0\u00bb#000000&Prime; ul_font=\u00a0\u00bbMuli||||||||\u00a0\u00bb ul_text_color=\u00a0\u00bb#000000&Prime; ul_font_size=\u00a0\u00bb16px\u00a0\u00bb ul_line_height=\u00a0\u00bb2.5em\u00a0\u00bb header_font=\u00a0\u00bbNunito|800|||||||\u00a0\u00bb header_text_align=\u00a0\u00bbleft\u00a0\u00bb header_text_color=\u00a0\u00bb#5CC3EC\u00a0\u00bb header_font_size=\u00a0\u00bb48px\u00a0\u00bb header_3_font=\u00a0\u00bbNunito||||||||\u00a0\u00bb header_3_text_color=\u00a0\u00bb#000000&Prime; header_3_font_size=\u00a0\u00bb25px\u00a0\u00bb custom_margin=\u00a0\u00bb26px|||||\u00a0\u00bb locked=\u00a0\u00bboff\u00a0\u00bb]<\/p>\n<h1>Communication<\/h1>\n<div class=\"wpb_text_column wpb_content_element  vc_custom_1538747206801\">\n<div class=\"wpb_wrapper\">\n<h3>\u00ab\u00a0Simplifiez vos \u00e9changes professionnels\u00a0\u00bb<\/h3>\n<\/div>\n<\/div>\n<div class=\"wpb_text_column wpb_content_element \">\n<div class=\"wpb_wrapper\"><\/div>\n<\/div>\n<h3><span style=\"font-size: 14px; font-family: 'Open Sans', Arial, sans-serif;\"><\/span><\/h3>\n<p>Depuis le portail web, vos correspondants peuvent faire de la consultation de donn\u00e9es \u00e0 distance sans impacter votre activit\u00e9.<\/p>\n<p>Vos courriers personnalis\u00e9s sont g\u00e9n\u00e9r\u00e9s automatiquement depuis Kitview.<\/p>\n<p>Il est \u00e9galement possible de cr\u00e9er vos PowerPoint en un clic, fini les Week-end perdus \u00e0 pr\u00e9parer vos pr\u00e9sentations.<\/p>\n<p>&nbsp;<\/p>\n<p>[\/et_pb_text][\/et_pb_column][\/et_pb_row][\/et_pb_section]<\/p>\n","protected":false},"excerpt":{"rendered":"<p>Gestion automatique des photos \u00ab Ne perdez plus de temps \u00e0 g\u00e9rer manuellement vos photos \u00bb &nbsp; Kitview vous permet de prendre des photos avec un ou plusieurs appareils photo, smartphones ou tablettes, pour les renvoyer de mani\u00e8re instantan\u00e9e en plein \u00e9cran sur votre ordinateur, elles seront automatiquement rattach\u00e9es au patient courant. Les photos peuvent [&hellip;]<\/p>\n","protected":false},"author":1,"featured_media":0,"parent":0,"menu_order":0,"comment_status":"closed","ping_status":"closed","template":"","meta":{"_et_pb_use_builder":"on","_et_pb_old_content":"","_et_gb_content_width":"","footnotes":""},"_links":{"self":[{"href":"https:\/\/archives.kitview.com\/Archives\/index.php\/wp-json\/wp\/v2\/pages\/61"}],"collection":[{"href":"https:\/\/archives.kitview.com\/Archives\/index.php\/wp-json\/wp\/v2\/pages"}],"about":[{"href":"https:\/\/archives.kitview.com\/Archives\/index.php\/wp-json\/wp\/v2\/types\/page"}],"author":[{"embeddable":true,"href":"https:\/\/archives.kitview.com\/Archives\/index.php\/wp-json\/wp\/v2\/users\/1"}],"replies":[{"embeddable":true,"href":"https:\/\/archives.kitview.com\/Archives\/index.php\/wp-json\/wp\/v2\/comments?post=61"}],"version-history":[{"count":7,"href":"https:\/\/archives.kitview.com\/Archives\/index.php\/wp-json\/wp\/v2\/pages\/61\/revisions"}],"predecessor-version":[{"id":139,"href":"https:\/\/archives.kitview.com\/Archives\/index.php\/wp-json\/wp\/v2\/pages\/61\/revisions\/139"}],"wp:attachment":[{"href":"https:\/\/archives.kitview.com\/Archives\/index.php\/wp-json\/wp\/v2\/media?parent=61"}],"curies":[{"name":"wp","href":"https:\/\/api.w.org\/{rel}","templated":true}]}}